{"id":17,"date":"2017-06-10T08:25:36","date_gmt":"2017-06-10T08:25:36","guid":{"rendered":"http:\/\/xtratheme.comlawyers\/?page_id=8"},"modified":"2025-12-31T15:59:41","modified_gmt":"2025-12-31T14:59:41","slug":"competences","status":"publish","type":"page","link":"https:\/\/raynaudlauzeral-avocats.fr\/index.php\/competences\/","title":{"rendered":"Comp\u00e9tences"},"content":{"rendered":"\t\t<div data-elementor-type=\"wp-page\" data-elementor-id=\"17\" class=\"elementor elementor-17\">\n\t\t\t\t\t\t\t\t\t<section class=\"elementor-section elementor-top-section elementor-element elementor-element-cb018c7 elementor-section-boxed elementor-section-height-default elementor-section-height-default\" data-id=\"cb018c7\" data-element_type=\"section\">\n\t\t\t\t\t\t<div class=\"elementor-container elementor-column-gap-default\">\n\t\t\t\t\t<div class=\"elementor-column elementor-col-100 elementor-top-column elementor-element elementor-element-9ff8e0c\" data-id=\"9ff8e0c\" data-element_type=\"column\">\n\t\t\t<div class=\"elementor-widget-wrap elementor-element-populated\">\n\t\t\t\t\t\t\t\t<div class=\"elementor-element elementor-element-e4b340f elementor-widget elementor-widget-cz_title\" data-id=\"e4b340f\" data-element_type=\"widget\" data-widget_type=\"cz_title.default\">\n\t\t\t\t<div class=\"elementor-widget-container\">\n\t\t\t\t\r\n\t\t<div>\r\n\t\t\t<div class=\"cz_title clr cz_title_pos_inline tac\"><div class=\"cz_title_content\"><span class=\"cz_line_side_solo\">_<\/span><div class=\"cz_wpe_content\"><div class=\"clearfix title-center\"><h2 class=\"col-title\" style=\"text-align: center;\"><span style=\"color: #0054fe;\">Nos domaines d'intervention<\/span><\/h2><\/div><\/div><span class=\"cz_line_side_solo cz_line_side_after\">_<\/span><\/div><\/div>\r\n\t\t<\/div>\r\n\t\t\r\n\t\t\t\t<\/div>\n\t\t\t\t<\/div>\n\t\t\t\t<div class=\"elementor-element elementor-element-770defe elementor-widget elementor-widget-cz_title\" data-id=\"770defe\" data-element_type=\"widget\" data-widget_type=\"cz_title.default\">\n\t\t\t\t<div class=\"elementor-widget-container\">\n\t\t\t\t\r\n\t\t<div>\r\n\t\t\t<div class=\"cz_title clr cz_title_pos_inline tac\"><div class=\"cz_title_content\"><div class=\"cz_wpe_content\"><p style=\"text-align: center;\"><em><span><span style=\"color: #c2bcbc;\">Le Cabinet RAYNAUD-LAUZERAL&amp;LEONI a fait le choix de privil\u00e9gier le droit social, compos\u00e9 du droit du travail et de la s\u00e9curit\u00e9 sociale, ainsi que le droit du dommage corporel \/ droit m\u00e9dical comme activit\u00e9s dominantes<\/span><\/span><\/em><\/p><\/div><\/div><\/div>\r\n\t\t<\/div>\r\n\t\t\r\n\t\t\t\t<\/div>\n\t\t\t\t<\/div>\n\t\t\t\t<div class=\"elementor-element elementor-element-fd52301 elementor-widget elementor-widget-cz_gap\" data-id=\"fd52301\" data-element_type=\"widget\" data-widget_type=\"cz_gap.default\">\n\t\t\t\t<div class=\"elementor-widget-container\">\n\t\t\t<div class=\"cz_gap clr\"><\/div>\t\t<\/div>\n\t\t\t\t<\/div>\n\t\t\t\t<div class=\"elementor-element elementor-element-fdbee91 elementor-widget elementor-widget-cz_tabs\" data-id=\"fdbee91\" data-element_type=\"widget\" data-widget_type=\"cz_tabs.default\">\n\t\t\t\t<div class=\"elementor-widget-container\">\n\t\t\t<div class=\"cz_tabs clr cz_tabs_vl cz_tabs_is_v cz_tabs_flash\"><div class=\"cz_tabs_content\"><a class=\"cz_tab_a hide elementor-repeater-item-736d67c\" data-tab=\"736d67c\" ><i class=\"cz_tab_icon mr8 fas fa-briefcase-medical\"><\/i><span class=\"cz_tab_in_title\">Droit du dommage corporel <\/span><\/a><div id=\"736d67c\" class=\"cz_tab\"><div><h3 style=\"font-size: 32px; color: #0054fe; margin-bottom: 25px;\">Droit du dommage corporel<\/h3><p>Vous avez \u00e9t\u00e9 victime d'un accident de la circulation, d'un accident m\u00e9dical ou d'une agression ? Nous vous accompagnons dans le cadre de n\u00e9gociation ou \u00e0 l'occasion d'une proc\u00e9dure judiciaire afin d'obtenir l'indemnisation de vos pr\u00e9judices.<\/p><\/div><\/div><a class=\"cz_tab_a hide elementor-repeater-item-9850b22\" data-tab=\"9850b22\" ><i class=\"cz_tab_icon mr8 fas fa-hand-holding-medical\"><\/i><span class=\"cz_tab_in_title\">Droit de la s\u00e9curit\u00e9 sociale<\/span><\/a><div id=\"9850b22\" class=\"cz_tab\"><div><h3 style=\"font-size: 32px; color: #0054fe; margin-bottom: 25px;\">Droit de la s\u00e9curit\u00e9 sociale<img decoding=\"async\" class=\"wp-image-1397 alignright\" style=\"margin-bottom: 30px; border-radius: 4px; margin-left: 30px;\" src=\"data:image\/svg+xml,%3Csvg%20xmlns%3D&#39;http%3A%2F%2Fwww.w3.org%2F2000%2Fsvg&#39;%20width=&#39;123&#39;%20height=&#39;123&#39;%20viewBox%3D&#39;0%200%20123%20123&#39;%2F%3E\" data-czlz data-src=\"http:\/\/raynaudlauzeral-avocats.fr\/wp-content\/uploads\/2023\/12\/icon163color.png\" alt=\"\" width=\"123\" height=\"123\" \/><\/h3><p>Salari\u00e9s, vous pouvez contester le refus de prise en charge de votre arr\u00eat de travail en accident du travail ou maladie professionnelle par la CPAM, faire reconnaitre la faute inexcusable de votre employeur \u00e0 l'origine de l'accident ou de la maladie professionnelle, contester le taux d'incapacit\u00e9 qui vous a \u00e9t\u00e9 attribu\u00e9.<\/p><p>Chefs d'entreprise, vous pouvez contester la reconnaissance d'un accident du travail ou d'une maladie professionnelle et devez vous d\u00e9fendre en cas de proc\u00e9dure de reconnaissance de votre faute inexcusable.<\/p><p>Nous assurons \u00e9galement votre d\u00e9fense en cas litige relatif \u00e0 vos cotisations sociales et leur recouvrement par l'URSSAF.<\/p><\/div><\/div><a class=\"cz_tab_a hide elementor-repeater-item-5c274aa\" data-tab=\"5c274aa\" ><i class=\"cz_tab_icon mr8 fas fa-landmark\"><\/i><span class=\"cz_tab_in_title\">Droit p\u00e9nal du travail<\/span><\/a><div id=\"5c274aa\" class=\"cz_tab\"><div><h3 style=\"font-size: 32px; color: #0054fe; margin-bottom: 25px;\">Droit p\u00e9nal du travail<\/h3><p style=\"text-align: left;\"><img fetchpriority=\"high\" decoding=\"async\" class=\"wp-image-1734 size-medium alignleft\" style=\"margin-bottom: 30px; border-radius: 4px; margin-right: 30px;\" src=\"data:image\/svg+xml,%3Csvg%20xmlns%3D&#39;http%3A%2F%2Fwww.w3.org%2F2000%2Fsvg&#39;%20width=&#39;300&#39;%20height=&#39;204&#39;%20viewBox%3D&#39;0%200%20300%20204&#39;%2F%3E\" data-czlz data-src=\"http:\/\/raynaudlauzeral-avocats.fr\/wp-content\/uploads\/2024\/03\/droitpenalbig__049824100_1049_29042016-300x204.jpg\" alt=\"\" width=\"300\" height=\"204\" data-srcset=\"https:\/\/raynaudlauzeral-avocats.fr\/wp-content\/uploads\/2024\/03\/droitpenalbig__049824100_1049_29042016-300x204.jpg 300w, https:\/\/raynaudlauzeral-avocats.fr\/wp-content\/uploads\/2024\/03\/droitpenalbig__049824100_1049_29042016-768x523.jpg 768w, https:\/\/raynaudlauzeral-avocats.fr\/wp-content\/uploads\/2024\/03\/droitpenalbig__049824100_1049_29042016-600x408.jpg 600w, https:\/\/raynaudlauzeral-avocats.fr\/wp-content\/uploads\/2024\/03\/droitpenalbig__049824100_1049_29042016.jpg 776w\" data-sizes=\"(max-width: 300px) 100vw, 300px\" \/>Vous avez \u00e9t\u00e9 victime d'un grave accident du travail ? Nous vous assistons et repr\u00e9sentons en tant que partie civile dans le cadre du proc\u00e8s p\u00e9nal devant toutes les juridictions r\u00e9pressives en France.<\/p><p style=\"text-align: left;\">\u00catre employeur, c'est devoir respecter votre obligation de s\u00e9curit\u00e9 qui n\u00e9cessite de pr\u00e9venir tout accident du travail ou toute forme de harc\u00e8lement.<\/p><p style=\"text-align: left;\">Vous \u00eates mis en cause devant une juridiction p\u00e9nale ? Nous assurerons et pr\u00e9parerons votre d\u00e9fense dans le cadre des auditions, gardes \u00e0 vue, audience correctionnelle.<\/p><\/div><\/div><a class=\"cz_tab_a hide elementor-repeater-item-97ba40d\" data-tab=\"97ba40d\" ><i class=\"cz_tab_icon mr8 fas fa-hands-helping\"><\/i><span class=\"cz_tab_in_title\">Droit syndical et CSE<\/span><\/a><div id=\"97ba40d\" class=\"cz_tab\"><div><h3 style=\"font-size: 32px; color: #0054fe; margin-bottom: 25px;\">Droit syndical et CSE<\/h3><p><img decoding=\"async\" class=\"wp-image-1733 size-medium alignright\" style=\"margin-bottom: 30px; border-radius: 4px; margin-left: 30px;\" src=\"data:image\/svg+xml,%3Csvg%20xmlns%3D&#39;http%3A%2F%2Fwww.w3.org%2F2000%2Fsvg&#39;%20width=&#39;300&#39;%20height=&#39;210&#39;%20viewBox%3D&#39;0%200%20300%20210&#39;%2F%3E\" data-czlz data-src=\"http:\/\/raynaudlauzeral-avocats.fr\/wp-content\/uploads\/2024\/03\/negociation-collective-en-entreprise-300x210.jpg\" alt=\"\" width=\"300\" height=\"210\" data-srcset=\"https:\/\/raynaudlauzeral-avocats.fr\/wp-content\/uploads\/2024\/03\/negociation-collective-en-entreprise-300x210.jpg 300w, https:\/\/raynaudlauzeral-avocats.fr\/wp-content\/uploads\/2024\/03\/negociation-collective-en-entreprise-768x538.jpg 768w, https:\/\/raynaudlauzeral-avocats.fr\/wp-content\/uploads\/2024\/03\/negociation-collective-en-entreprise-600x420.jpg 600w, https:\/\/raynaudlauzeral-avocats.fr\/wp-content\/uploads\/2024\/03\/negociation-collective-en-entreprise.jpg 850w\" data-sizes=\"(max-width: 300px) 100vw, 300px\" \/>Nous accompagnons les <strong>Organisations syndicales<\/strong> que ce soit \u00e0 l'occasion de la n\u00e9gociation collective obligatoire en entreprise sur les salaires ou l'\u00e9galit\u00e9 professionnelle, mais \u00e9galement en cas de contentieux en raison de discrimination syndicale, de d\u00e9lit d'entrave ou d'action de substitution.<\/p><p>Vous \u00eates \u00e9lu au sein du <strong>CSE<\/strong> de votre entreprise o\u00f9 vous souhaitez vous porter candidat ? Nous vous apporterons toutes les r\u00e9ponses \u00e0 vos questions sur les \u00e9lections professionnelles, les droits des \u00e9lus du <strong>CSE<\/strong>, son fonctionnement, tant en mati\u00e8re de conseil que de contentieux.<\/p><\/div><\/div><a class=\"cz_tab_a hide elementor-repeater-item-25c1218\" data-tab=\"25c1218\" ><i class=\"cz_tab_icon mr8 fas fa-hard-hat\"><\/i><span class=\"cz_tab_in_title\">Droit des Cadres<\/span><\/a><div id=\"25c1218\" class=\"cz_tab\"><div><h3 style=\"font-size: 32px; color: #0054fe; margin-bottom: 25px;\">Droit des Cadres<\/h3><p><img loading=\"lazy\" decoding=\"async\" class=\"wp-image-1732 size-medium alignleft\" style=\"margin-bottom: 30px; border-radius: 4px; margin-right: 30px;\" src=\"data:image\/svg+xml,%3Csvg%20xmlns%3D&#39;http%3A%2F%2Fwww.w3.org%2F2000%2Fsvg&#39;%20width=&#39;210&#39;%20height=&#39;300&#39;%20viewBox%3D&#39;0%200%20210%20300&#39;%2F%3E\" data-czlz data-src=\"http:\/\/raynaudlauzeral-avocats.fr\/wp-content\/uploads\/2024\/03\/cadre-non-cadres-portage-salarial-1008x1440-1-210x300.jpg\" alt=\"\" width=\"210\" height=\"300\" data-srcset=\"https:\/\/raynaudlauzeral-avocats.fr\/wp-content\/uploads\/2024\/03\/cadre-non-cadres-portage-salarial-1008x1440-1-210x300.jpg 210w, https:\/\/raynaudlauzeral-avocats.fr\/wp-content\/uploads\/2024\/03\/cadre-non-cadres-portage-salarial-1008x1440-1-717x1024.jpg 717w, https:\/\/raynaudlauzeral-avocats.fr\/wp-content\/uploads\/2024\/03\/cadre-non-cadres-portage-salarial-1008x1440-1-768x1097.jpg 768w, https:\/\/raynaudlauzeral-avocats.fr\/wp-content\/uploads\/2024\/03\/cadre-non-cadres-portage-salarial-1008x1440-1-600x857.jpg 600w, https:\/\/raynaudlauzeral-avocats.fr\/wp-content\/uploads\/2024\/03\/cadre-non-cadres-portage-salarial-1008x1440-1.jpg 1008w\" data-sizes=\"(max-width: 210px) 100vw, 210px\" \/>Le statut de Cadre en entreprise est attribu\u00e9 aux salari\u00e9s disposant d'une certaine expertise dans un domaine, d'une autonomie de travail, de responsabilit\u00e9s notamment dans la prise de d\u00e9cision. L'encadrement signifie \u00e9galement la gestion d'une \u00e9quipe ou d'un projet.<\/p><p>La majorit\u00e9 des litiges de salari\u00e9s Cadres r\u00e9side souvent de la conclusion d'une convention de forfait en jours ou en heures, de la n\u00e9gociation d'un d\u00e9part, de la r\u00e9mun\u00e9ration ou encore de la sous-classification d'un salari\u00e9 non cadre devant acc\u00e9der au statut de Cadre.<\/p><\/div><\/div><a class=\"cz_tab_a hide elementor-repeater-item-35fa045\" data-tab=\"35fa045\" ><i class=\"cz_tab_icon mr8 far fa-building\"><\/i><span class=\"cz_tab_in_title\">Droit du travail Employeur<\/span><\/a><div id=\"35fa045\" class=\"cz_tab\"><div><h3 style=\"font-size: 32px; color: #0054fe; margin-bottom: 25px;\">Droit du travail Employeur<\/h3><p><img loading=\"lazy\" decoding=\"async\" class=\"wp-image-1730 size-medium alignright\" style=\"margin-bottom: 30px; border-radius: 4px; margin-left: 30px;\" src=\"data:image\/svg+xml,%3Csvg%20xmlns%3D&#39;http%3A%2F%2Fwww.w3.org%2F2000%2Fsvg&#39;%20width=&#39;300&#39;%20height=&#39;124&#39;%20viewBox%3D&#39;0%200%20300%20124&#39;%2F%3E\" data-czlz data-src=\"http:\/\/raynaudlauzeral-avocats.fr\/wp-content\/uploads\/2024\/03\/1135x470-rupture-contrat-travail-employeur-300x124.webp\" alt=\"\" width=\"300\" height=\"124\" data-srcset=\"https:\/\/raynaudlauzeral-avocats.fr\/wp-content\/uploads\/2024\/03\/1135x470-rupture-contrat-travail-employeur-300x124.webp 300w, https:\/\/raynaudlauzeral-avocats.fr\/wp-content\/uploads\/2024\/03\/1135x470-rupture-contrat-travail-employeur-1024x424.webp 1024w, https:\/\/raynaudlauzeral-avocats.fr\/wp-content\/uploads\/2024\/03\/1135x470-rupture-contrat-travail-employeur-768x318.webp 768w, https:\/\/raynaudlauzeral-avocats.fr\/wp-content\/uploads\/2024\/03\/1135x470-rupture-contrat-travail-employeur-600x248.webp 600w, https:\/\/raynaudlauzeral-avocats.fr\/wp-content\/uploads\/2024\/03\/1135x470-rupture-contrat-travail-employeur.webp 1135w\" data-sizes=\"(max-width: 300px) 100vw, 300px\" \/>Nous vous accompagnons pour satisfaire vos besoins au quotidien dans la r\u00e9daction de contrats de travail, du r\u00e8glement int\u00e9rieur mais \u00e9galement dans la gestion des proc\u00e9dures disciplinaires.\u00a0<\/p><p>Vos besoins peuvent \u00eatre plus sp\u00e9cifiques et techniques tels que la mise en place du t\u00e9l\u00e9travail, d'accords d'entreprise sur les salaires ou le temps de travail ou la gestion de la n\u00e9gociation collective avec les d\u00e9l\u00e9gu\u00e9s syndicaux.<\/p><p>Que vous soyez cr\u00e9ateur d'une entreprise ou chef d'entreprise exp\u00e9riment\u00e9, nous saurons vous apporter des r\u00e9ponses s\u00e9curisantes adapt\u00e9es \u00e0 vos besoins.<\/p><\/div><\/div><a class=\"cz_tab_a hide elementor-repeater-item-b759f73\" data-tab=\"b759f73\" ><i class=\"cz_tab_icon mr8 fas fa-users\"><\/i><span class=\"cz_tab_in_title\">Droit du travail Salari\u00e9<\/span><\/a><div id=\"b759f73\" class=\"cz_tab\"><div><h3 style=\"font-size: 32px; color: #0054fe; margin-bottom: 25px;\">Droit du travail Salari\u00e9<\/h3><p><img loading=\"lazy\" decoding=\"async\" class=\"wp-image-1250 size-medium alignleft\" style=\"margin-bottom: 30px; border-radius: 4px; margin-right: 30px;\" src=\"data:image\/svg+xml,%3Csvg%20xmlns%3D&#39;http%3A%2F%2Fwww.w3.org%2F2000%2Fsvg&#39;%20width=&#39;300&#39;%20height=&#39;300&#39;%20viewBox%3D&#39;0%200%20300%20300&#39;%2F%3E\" data-czlz data-src=\"http:\/\/raynaudlauzeral-avocats.fr\/wp-content\/uploads\/2022\/04\/img13-1-300x300.jpg\" alt=\"\" width=\"300\" height=\"300\" data-srcset=\"https:\/\/raynaudlauzeral-avocats.fr\/wp-content\/uploads\/2022\/04\/img13-1-300x300.jpg 300w, https:\/\/raynaudlauzeral-avocats.fr\/wp-content\/uploads\/2022\/04\/img13-1-100x100.jpg 100w, https:\/\/raynaudlauzeral-avocats.fr\/wp-content\/uploads\/2022\/04\/img13-1-150x150.jpg 150w, https:\/\/raynaudlauzeral-avocats.fr\/wp-content\/uploads\/2022\/04\/img13-1.jpg 600w\" data-sizes=\"(max-width: 300px) 100vw, 300px\" \/>Nous vous accompagnons avant m\u00eame la conclusion de votre contrat de travail pour vous informer de vos droits.<\/p><p>Vous souhaitez quitter votre entreprise amiablement ? Nous assurons la pr\u00e9servation de vos int\u00e9r\u00eats dans le cadre des n\u00e9gociations.<\/p><p>Vous avez \u00e9t\u00e9 licenci\u00e9 ? Nous serons \u00e0 vos c\u00f4t\u00e9s pour vous conseiller et vous d\u00e9fendre devant le Conseil de prud'hommes.<\/p><\/div><\/div><\/div><\/div>\t\t<\/div>\n\t\t\t\t<\/div>\n\t\t\t\t<div class=\"elementor-element elementor-element-77c86b7 elementor-widget elementor-widget-cz_gap\" data-id=\"77c86b7\" data-element_type=\"widget\" data-widget_type=\"cz_gap.default\">\n\t\t\t\t<div class=\"elementor-widget-container\">\n\t\t\t<div class=\"cz_gap clr\"><\/div>\t\t<\/div>\n\t\t\t\t<\/div>\n\t\t\t\t\t<\/div>\n\t\t<\/div>\n\t\t\t\t\t\t\t<\/div>\n\t\t<\/section>\n\t\t\t\t\t\t\t<\/div>\n\t\t","protected":false},"excerpt":{"rendered":"<p>_ Nos domaines d&#8217;intervention _ Le Cabinet RAYNAUD-LAUZERAL&amp;LEONI a fait le &#8230; <\/p>\n","protected":false},"author":1,"featured_media":0,"parent":0,"menu_order":0,"comment_status":"closed","ping_status":"closed","template":"","meta":{"footnotes":""},"class_list":["post-17","page","type-page","status-publish","hentry"],"_links":{"self":[{"href":"https:\/\/raynaudlauzeral-avocats.fr\/index.php\/wp-json\/wp\/v2\/pages\/17","targetHints":{"allow":["GET"]}}],"collection":[{"href":"https:\/\/raynaudlauzeral-avocats.fr\/index.php\/wp-json\/wp\/v2\/pages"}],"about":[{"href":"https:\/\/raynaudlauzeral-avocats.fr\/index.php\/wp-json\/wp\/v2\/types\/page"}],"author":[{"embeddable":true,"href":"https:\/\/raynaudlauzeral-avocats.fr\/index.php\/wp-json\/wp\/v2\/users\/1"}],"replies":[{"embeddable":true,"href":"https:\/\/raynaudlauzeral-avocats.fr\/index.php\/wp-json\/wp\/v2\/comments?post=17"}],"version-history":[{"count":43,"href":"https:\/\/raynaudlauzeral-avocats.fr\/index.php\/wp-json\/wp\/v2\/pages\/17\/revisions"}],"predecessor-version":[{"id":1886,"href":"https:\/\/raynaudlauzeral-avocats.fr\/index.php\/wp-json\/wp\/v2\/pages\/17\/revisions\/1886"}],"wp:attachment":[{"href":"https:\/\/raynaudlauzeral-avocats.fr\/index.php\/wp-json\/wp\/v2\/media?parent=17"}],"curies":[{"name":"wp","href":"https:\/\/api.w.org\/{rel}","templated":true}]}}