{"id":12,"date":"2017-06-10T08:21:56","date_gmt":"2017-06-10T08:21:56","guid":{"rendered":"http:\/\/xtratheme.comlawyers\/?page_id=4"},"modified":"2025-12-31T15:27:39","modified_gmt":"2025-12-31T14:27:39","slug":"home","status":"publish","type":"page","link":"https:\/\/raynaudlauzeral-avocats.fr\/","title":{"rendered":"Home"},"content":{"rendered":"\t\t<div data-elementor-type=\"wp-page\" data-elementor-id=\"12\" class=\"elementor elementor-12\">\n\t\t\t\t\t\t\t\t\t<section class=\"elementor-section elementor-top-section elementor-element elementor-element-bb207b7 elementor-section-boxed elementor-section-height-default elementor-section-height-default\" data-id=\"bb207b7\" data-element_type=\"section\">\n\t\t\t\t\t\t<div class=\"elementor-container elementor-column-gap-default\">\n\t\t\t\t\t<div class=\"elementor-column elementor-col-100 elementor-top-column elementor-element elementor-element-d314a3a\" data-id=\"d314a3a\" data-element_type=\"column\">\n\t\t\t<div class=\"elementor-widget-wrap elementor-element-populated\">\n\t\t\t\t\t\t\t\t<div class=\"elementor-element elementor-element-d460cb9 elementor-widget elementor-widget-cz_title\" data-id=\"d460cb9\" data-element_type=\"widget\" data-widget_type=\"cz_title.default\">\n\t\t\t\t<div class=\"elementor-widget-container\">\n\t\t\t\t\r\n\t\t<div>\r\n\t\t\t<div class=\"cz_title clr cz_title_pos_inline tac\"><div class=\"cz_title_content\"><span class=\"cz_line_side_solo\">_<\/span><div class=\"cz_wpe_content\"><h2 style=\"text-align: center;\">Nos comp\u00e9tences<\/h2><\/div><span class=\"cz_line_side_solo cz_line_side_after\">_<\/span><\/div><\/div>\r\n\t\t<\/div>\r\n\t\t\r\n\t\t\t\t<\/div>\n\t\t\t\t<\/div>\n\t\t\t\t\t<\/div>\n\t\t<\/div>\n\t\t\t\t\t\t\t<\/div>\n\t\t<\/section>\n\t\t\t\t<section class=\"elementor-section elementor-top-section elementor-element elementor-element-8ea8f3a elementor-section-boxed elementor-section-height-default elementor-section-height-default\" data-id=\"8ea8f3a\" data-element_type=\"section\">\n\t\t\t\t\t\t<div class=\"elementor-container elementor-column-gap-default\">\n\t\t\t\t\t<div class=\"elementor-column elementor-col-25 elementor-top-column elementor-element elementor-element-3d95664\" data-id=\"3d95664\" data-element_type=\"column\">\n\t\t\t<div class=\"elementor-widget-wrap elementor-element-populated\">\n\t\t\t\t\t\t\t\t<div class=\"elementor-element elementor-element-2014c20 elementor-widget elementor-widget-cz_service_box\" data-id=\"2014c20\" data-element_type=\"widget\" data-widget_type=\"cz_service_box.default\">\n\t\t\t\t<div class=\"elementor-widget-container\">\n\t\t\t<div class=\"services clr style11 cz_sbi_fx_0 left\"><div class=\"service_img\"><img decoding=\"async\" width=\"64\" height=\"64\" src=\"data:image\/svg+xml,%3Csvg%20xmlns%3D&#39;http%3A%2F%2Fwww.w3.org%2F2000%2Fsvg&#39;%20width=&#39;64&#39;%20height=&#39;64&#39;%20viewBox%3D&#39;0%200%2064%2064&#39;%2F%3E\" data-czlz data-src=\"https:\/\/raynaudlauzeral-avocats.fr\/wp-content\/uploads\/2023\/12\/icon13color.png\" class=\"attachment-large size-large wp-image-1387\" alt=\"\" \/><\/div><div class=\"service_text\"><h3>Droit du travail<\/h3><div class=\"cz_wpe_content\"><\/div><\/div><\/div>\t\t<\/div>\n\t\t\t\t<\/div>\n\t\t\t\t\t<\/div>\n\t\t<\/div>\n\t\t\t\t<div class=\"elementor-column elementor-col-25 elementor-top-column elementor-element elementor-element-597f943\" data-id=\"597f943\" data-element_type=\"column\">\n\t\t\t<div class=\"elementor-widget-wrap elementor-element-populated\">\n\t\t\t\t\t\t\t\t<div class=\"elementor-element elementor-element-3faf947 elementor-widget elementor-widget-cz_service_box\" data-id=\"3faf947\" data-element_type=\"widget\" data-widget_type=\"cz_service_box.default\">\n\t\t\t\t<div class=\"elementor-widget-container\">\n\t\t\t<div class=\"services clr style11 cz_sbi_fx_0 left\"><div class=\"service_img\"><img decoding=\"async\" width=\"64\" height=\"64\" src=\"data:image\/svg+xml,%3Csvg%20xmlns%3D&#39;http%3A%2F%2Fwww.w3.org%2F2000%2Fsvg&#39;%20width=&#39;64&#39;%20height=&#39;64&#39;%20viewBox%3D&#39;0%200%2064%2064&#39;%2F%3E\" data-czlz data-src=\"https:\/\/raynaudlauzeral-avocats.fr\/wp-content\/uploads\/2022\/02\/icon2.png\" class=\"attachment-large size-large wp-image-1038\" alt=\"\" \/><\/div><div class=\"service_text\"><h3>Droit de la s\u00e9curit\u00e9 sociale<\/h3><div class=\"cz_wpe_content\"><\/div><\/div><\/div>\t\t<\/div>\n\t\t\t\t<\/div>\n\t\t\t\t\t<\/div>\n\t\t<\/div>\n\t\t\t\t<div class=\"elementor-column elementor-col-25 elementor-top-column elementor-element elementor-element-3d4e904\" data-id=\"3d4e904\" data-element_type=\"column\">\n\t\t\t<div class=\"elementor-widget-wrap elementor-element-populated\">\n\t\t\t\t\t\t\t\t<div class=\"elementor-element elementor-element-d97e608 elementor-widget__width-initial elementor-widget elementor-widget-cz_service_box\" data-id=\"d97e608\" data-element_type=\"widget\" data-widget_type=\"cz_service_box.default\">\n\t\t\t\t<div class=\"elementor-widget-container\">\n\t\t\t<div class=\"services clr style11 cz_sbi_fx_0 left\"><div class=\"service_img\"><img decoding=\"async\" width=\"64\" height=\"64\" src=\"data:image\/svg+xml,%3Csvg%20xmlns%3D&#39;http%3A%2F%2Fwww.w3.org%2F2000%2Fsvg&#39;%20width=&#39;64&#39;%20height=&#39;64&#39;%20viewBox%3D&#39;0%200%2064%2064&#39;%2F%3E\" data-czlz data-src=\"https:\/\/raynaudlauzeral-avocats.fr\/wp-content\/uploads\/2023\/12\/icon163color.png\" class=\"attachment-large size-large wp-image-1397\" alt=\"\" \/><\/div><div class=\"service_text\"><h3>Droit m\u00e9dical \/ Dommage corporel<\/h3><div class=\"cz_wpe_content\"><\/div><\/div><\/div>\t\t<\/div>\n\t\t\t\t<\/div>\n\t\t\t\t\t<\/div>\n\t\t<\/div>\n\t\t\t\t<div class=\"elementor-column elementor-col-25 elementor-top-column elementor-element elementor-element-4323fc0\" data-id=\"4323fc0\" data-element_type=\"column\">\n\t\t\t<div class=\"elementor-widget-wrap elementor-element-populated\">\n\t\t\t\t\t\t\t\t<div class=\"elementor-element elementor-element-d7c3ff3 elementor-widget elementor-widget-cz_service_box\" data-id=\"d7c3ff3\" data-element_type=\"widget\" data-widget_type=\"cz_service_box.default\">\n\t\t\t\t<div class=\"elementor-widget-container\">\n\t\t\t<div class=\"services clr style11 cz_sbi_fx_0 left\"><div class=\"service_img\"><img loading=\"lazy\" decoding=\"async\" width=\"64\" height=\"64\" src=\"data:image\/svg+xml,%3Csvg%20xmlns%3D&#39;http%3A%2F%2Fwww.w3.org%2F2000%2Fsvg&#39;%20width=&#39;64&#39;%20height=&#39;64&#39;%20viewBox%3D&#39;0%200%2064%2064&#39;%2F%3E\" data-czlz data-src=\"https:\/\/raynaudlauzeral-avocats.fr\/wp-content\/uploads\/2023\/12\/icon13dcolor.png\" class=\"attachment-large size-large wp-image-1405\" alt=\"\" \/><\/div><div class=\"service_text\"><h3>Droit p\u00e9nal du travail<\/h3><div class=\"cz_wpe_content\"><\/div><\/div><\/div>\t\t<\/div>\n\t\t\t\t<\/div>\n\t\t\t\t\t<\/div>\n\t\t<\/div>\n\t\t\t\t\t\t\t<\/div>\n\t\t<\/section>\n\t\t\t\t<section class=\"elementor-section elementor-top-section elementor-element elementor-element-e400b28 elementor-section-boxed elementor-section-height-default elementor-section-height-default\" data-id=\"e400b28\" data-element_type=\"section\">\n\t\t\t\t\t\t<div class=\"elementor-container elementor-column-gap-default\">\n\t\t\t\t\t<div class=\"elementor-column elementor-col-100 elementor-top-column elementor-element elementor-element-59c3f1c\" data-id=\"59c3f1c\" data-element_type=\"column\">\n\t\t\t<div class=\"elementor-widget-wrap elementor-element-populated\">\n\t\t\t\t\t\t\t\t<div class=\"elementor-element elementor-element-9705d5f elementor-widget elementor-widget-cz_button\" data-id=\"9705d5f\" data-element_type=\"widget\" data-widget_type=\"cz_button.default\">\n\t\t\t\t<div class=\"elementor-widget-container\">\n\t\t\t\t\t<div class=\"cz_btn_center\">\r\n\t\t\t<div>\r\n\t\t\t\t<a href=\"https:\/\/raynaudlauzeral-avocats.fr\/index.php\/competences\" class=\"cz_btn cz_btn_txt_no_fx cz_btn_no_fx\">\r\n\r\n\t\t\t\t\t<span><i class=\"fas fa-sitemap\"><\/i>\t\t\t\t\t\t<strong>Voir toutes nos comp\u00e9tences\t\t\t\t\t\t\t\t\t\t\t\t\t<\/strong>\r\n\t\t\t\t\t\t\t\t\t\t\t<\/span>\r\n\r\n\t\t\t\t\t<b class=\"cz_btn_onhover\">\r\n\t\t\t\t\t\t<i class=\"fas fa-sitemap\"><\/i>\t\t\t\t\t\t<strong>\r\n\t\t\t\t\t\t\tVoir toutes nos comp\u00e9tences\t\t\t\t\t\t\t\t\t\t\t\t\t<\/strong>\r\n\t\t\t\t\t\t\t\t\t\t\t<\/b>\r\n\r\n\t\t\t\t<\/a>\r\n\t\t\t<\/div>\r\n\t\t<\/div> \t\t\t\t<\/div>\n\t\t\t\t<\/div>\n\t\t\t\t\t<\/div>\n\t\t<\/div>\n\t\t\t\t\t\t\t<\/div>\n\t\t<\/section>\n\t\t\t\t<section class=\"elementor-section elementor-top-section elementor-element elementor-element-18e05e3 elementor-section-full_width elementor-section-stretched elementor-section-height-default elementor-section-height-default\" data-id=\"18e05e3\" data-element_type=\"section\" data-settings=\"{&quot;stretch_section&quot;:&quot;section-stretched&quot;,&quot;background_background&quot;:&quot;classic&quot;}\">\n\t\t\t\t\t\t<div class=\"elementor-container elementor-column-gap-default\">\n\t\t\t\t\t<div class=\"elementor-column elementor-col-100 elementor-top-column elementor-element elementor-element-6272e51\" data-id=\"6272e51\" data-element_type=\"column\">\n\t\t\t<div class=\"elementor-widget-wrap elementor-element-populated\">\n\t\t\t\t\t\t\t\t<div class=\"elementor-element elementor-element-ff0dde2 elementor-widget elementor-widget-cz_title\" data-id=\"ff0dde2\" data-element_type=\"widget\" data-widget_type=\"cz_title.default\">\n\t\t\t\t<div class=\"elementor-widget-container\">\n\t\t\t\t\r\n\t\t<div>\r\n\t\t\t<div class=\"cz_title clr cz_title_pos_inline tac\"><div class=\"cz_title_content\"><span class=\"cz_line_side_solo\">_<\/span><div class=\"cz_wpe_content\"><div class=\"clearfix title-center\"><h2 class=\"col-title\" style=\"text-align: center;\"><span style=\"color: #0054fe;\">Nos engagements<\/span><\/h2><\/div><\/div><span class=\"cz_line_side_solo cz_line_side_after\">_<\/span><\/div><\/div>\r\n\t\t<\/div>\r\n\t\t\r\n\t\t\t\t<\/div>\n\t\t\t\t<\/div>\n\t\t\t\t<div class=\"elementor-element elementor-element-10e3017 elementor-widget elementor-widget-cz_gap\" data-id=\"10e3017\" data-element_type=\"widget\" data-widget_type=\"cz_gap.default\">\n\t\t\t\t<div class=\"elementor-widget-container\">\n\t\t\t<div class=\"cz_gap clr\"><\/div>\t\t<\/div>\n\t\t\t\t<\/div>\n\t\t\t\t<section class=\"elementor-section elementor-inner-section elementor-element elementor-element-430749e elementor-section-boxed elementor-section-height-default elementor-section-height-default\" data-id=\"430749e\" data-element_type=\"section\">\n\t\t\t\t\t\t<div class=\"elementor-container elementor-column-gap-default\">\n\t\t\t\t\t<div class=\"elementor-column elementor-col-33 elementor-inner-column elementor-element elementor-element-7d5d71f\" data-id=\"7d5d71f\" data-element_type=\"column\">\n\t\t\t<div class=\"elementor-widget-wrap elementor-element-populated\">\n\t\t\t\t\t\t\t\t<div class=\"elementor-element elementor-element-209adef elementor-widget elementor-widget-cz_service_box\" data-id=\"209adef\" data-element_type=\"widget\" data-widget_type=\"cz_service_box.default\">\n\t\t\t\t<div class=\"elementor-widget-container\">\n\t\t\t<div class=\"xtra-service-box-hove fx_zoom_0_hover\"><div class=\"services clr style9 cz_sbi_fx_9a services_b\"><div class=\"cz_hexagon service_custom\"><i class=\"far fa-comments\"><\/i><\/div><div class=\"service_text\"><h3>Vous \u00c9couter<\/h3><div class=\"cz_wpe_content\"><p><span style=\"color: #c2bcbc;\"><strong>Pour comprendre vos besoins et instaurer un lien de confiance !<\/strong><\/span><\/p><\/div><\/div><\/div><\/div>\t\t<\/div>\n\t\t\t\t<\/div>\n\t\t\t\t\t<\/div>\n\t\t<\/div>\n\t\t\t\t<div class=\"elementor-column elementor-col-33 elementor-inner-column elementor-element elementor-element-b6cd0b2\" data-id=\"b6cd0b2\" data-element_type=\"column\">\n\t\t\t<div class=\"elementor-widget-wrap elementor-element-populated\">\n\t\t\t\t\t\t\t\t<div class=\"elementor-element elementor-element-3a40aad elementor-widget elementor-widget-cz_service_box\" data-id=\"3a40aad\" data-element_type=\"widget\" data-widget_type=\"cz_service_box.default\">\n\t\t\t\t<div class=\"elementor-widget-container\">\n\t\t\t<div class=\"xtra-service-box-hove fx_zoom_0_hover\"><div class=\"services clr style9 cz_sbi_fx_0 services_b\"><div class=\"cz_hexagon service_custom\"><i class=\"far fa-lightbulb\"><\/i><\/div><div class=\"service_text\"><h3>Vous Conseiller<\/h3><div class=\"cz_wpe_content\"><p><strong><span style=\"color: #c2bcbc;\">Pour vous apporter une r\u00e9ponse adapt\u00e9e \u00e0 votre situation en toute\u00a0<\/span><\/strong><span style=\"color: #c2bcbc;\"><span style=\"caret-color: #c2bcbc;\"><b>transparence !<\/b><\/span><\/span><\/p><\/div><\/div><\/div><\/div>\t\t<\/div>\n\t\t\t\t<\/div>\n\t\t\t\t\t<\/div>\n\t\t<\/div>\n\t\t\t\t<div class=\"elementor-column elementor-col-33 elementor-inner-column elementor-element elementor-element-c638c7e\" data-id=\"c638c7e\" data-element_type=\"column\">\n\t\t\t<div class=\"elementor-widget-wrap elementor-element-populated\">\n\t\t\t\t\t\t\t\t<div class=\"elementor-element elementor-element-b9e6c65 elementor-widget elementor-widget-cz_service_box\" data-id=\"b9e6c65\" data-element_type=\"widget\" data-widget_type=\"cz_service_box.default\">\n\t\t\t\t<div class=\"elementor-widget-container\">\n\t\t\t<div class=\"xtra-service-box-hove fx_zoom_0_hover\"><div class=\"services clr style9 cz_sbi_fx_1 services_b\"><div class=\"cz_hexagon service_custom\"><i class=\"fas fa-landmark\"><\/i><\/div><div class=\"service_text\"><h3>Vous D\u00e9fendre<\/h3><div class=\"cz_wpe_content\"><p><strong><span style=\"color: #c2bcbc;\">Pour faire valoir vos droits devant toutes les juridictions !<\/span><\/strong><\/p><\/div><\/div><\/div><\/div>\t\t<\/div>\n\t\t\t\t<\/div>\n\t\t\t\t\t<\/div>\n\t\t<\/div>\n\t\t\t\t\t\t\t<\/div>\n\t\t<\/section>\n\t\t\t\t\t<\/div>\n\t\t<\/div>\n\t\t\t\t\t\t\t<\/div>\n\t\t<\/section>\n\t\t<div class=\"elementor-element elementor-element-fa994ec e-flex e-con-boxed e-con e-parent\" data-id=\"fa994ec\" data-element_type=\"container\" data-settings=\"{&quot;content_width&quot;:&quot;boxed&quot;}\" data-core-v316-plus=\"true\">\n\t\t\t\t\t<div class=\"e-con-inner\">\n\t\t\t\t<div class=\"elementor-element elementor-element-70ac689 elementor-widget elementor-widget-cz_title\" data-id=\"70ac689\" data-element_type=\"widget\" data-widget_type=\"cz_title.default\">\n\t\t\t\t<div class=\"elementor-widget-container\">\n\t\t\t\t\r\n\t\t<div>\r\n\t\t\t<div class=\"cz_title clr cz_title_pos_inline tac\"><div class=\"cz_title_content\"><span class=\"cz_line_side_solo\">_<\/span><div class=\"cz_wpe_content\"><div class=\"clearfix title-center\"><h2 class=\"col-title\" style=\"text-align: center;\">Suivez nous<\/h2><\/div><\/div><span class=\"cz_line_side_solo cz_line_side_after\">_<\/span><\/div><\/div>\r\n\t\t<\/div>\r\n\t\t\r\n\t\t\t\t<\/div>\n\t\t\t\t<\/div>\n\t\t\t\t<div class=\"elementor-element elementor-element-186028f elementor-widget elementor-widget-cz_social_icons\" data-id=\"186028f\" data-element_type=\"widget\" data-widget_type=\"cz_social_icons.default\">\n\t\t\t\t<div class=\"elementor-widget-container\">\n\t\t\t\t\t\t<div class=\"cz_social_icons cz_social clr cz_social_fx_10 tac cz_tooltip cz_tooltip_up\"><a href=\"https:\/\/www.facebook.com\/profile.php?id=61555304933580\" class=\"cz-facebook\" data-title=\"Facebook\" aria-label=\"Facebook\"><i class=\"fa fa-facebook\"><\/i><\/a><a href=\"https:\/\/www.instagram.com\/raynaudlauzeralavocats\/\" class=\"cz-instagram\" data-title=\"Instagram\" aria-label=\"Instagram\"><i class=\"fab fa-instagram\"><\/i><\/a><a href=\"https:\/\/www.linkedin.com\/company\/raynaud-lauzeral-avocat\" class=\"cz-linkedin\" data-title=\"LinkedIn\" aria-label=\"LinkedIn\"><i class=\"fab fa-linkedin\"><\/i><\/a><\/div>\r\n\t\t\t\t<\/div>\n\t\t\t\t<\/div>\n\t\t\t\t\t<\/div>\n\t\t\t\t<\/div>\n\t\t<div class=\"elementor-element elementor-element-6921ef4 e-flex e-con-boxed e-con e-parent\" data-id=\"6921ef4\" data-element_type=\"container\" data-settings=\"{&quot;content_width&quot;:&quot;boxed&quot;}\" data-core-v316-plus=\"true\">\n\t\t\t\t\t<div class=\"e-con-inner\">\n\t\t\t\t\t<\/div>\n\t\t\t\t<\/div>\n\t\t<div class=\"elementor-element elementor-element-26f5fcc e-flex e-con-boxed e-con e-parent\" data-id=\"26f5fcc\" data-element_type=\"container\" data-settings=\"{&quot;content_width&quot;:&quot;boxed&quot;}\" data-core-v316-plus=\"true\">\n\t\t\t\t\t<div class=\"e-con-inner\">\n\t\t\t\t\t<\/div>\n\t\t\t\t<\/div>\n\t\t\t\t\t\t\t<\/div>\n\t\t","protected":false},"excerpt":{"rendered":"<p>_ Nos comp\u00e9tences _ Droit du travail Droit de la s\u00e9curit\u00e9 &#8230; <\/p>\n","protected":false},"author":1,"featured_media":0,"parent":0,"menu_order":0,"comment_status":"closed","ping_status":"closed","template":"","meta":{"footnotes":""},"class_list":["post-12","page","type-page","status-publish","hentry"],"_links":{"self":[{"href":"https:\/\/raynaudlauzeral-avocats.fr\/index.php\/wp-json\/wp\/v2\/pages\/12","targetHints":{"allow":["GET"]}}],"collection":[{"href":"https:\/\/raynaudlauzeral-avocats.fr\/index.php\/wp-json\/wp\/v2\/pages"}],"about":[{"href":"https:\/\/raynaudlauzeral-avocats.fr\/index.php\/wp-json\/wp\/v2\/types\/page"}],"author":[{"embeddable":true,"href":"https:\/\/raynaudlauzeral-avocats.fr\/index.php\/wp-json\/wp\/v2\/users\/1"}],"replies":[{"embeddable":true,"href":"https:\/\/raynaudlauzeral-avocats.fr\/index.php\/wp-json\/wp\/v2\/comments?post=12"}],"version-history":[{"count":64,"href":"https:\/\/raynaudlauzeral-avocats.fr\/index.php\/wp-json\/wp\/v2\/pages\/12\/revisions"}],"predecessor-version":[{"id":1873,"href":"https:\/\/raynaudlauzeral-avocats.fr\/index.php\/wp-json\/wp\/v2\/pages\/12\/revisions\/1873"}],"wp:attachment":[{"href":"https:\/\/raynaudlauzeral-avocats.fr\/index.php\/wp-json\/wp\/v2\/media?parent=12"}],"curies":[{"name":"wp","href":"https:\/\/api.w.org\/{rel}","templated":true}]}}